{"id":203,"date":"2019-01-09T17:33:28","date_gmt":"2019-01-09T17:33:28","guid":{"rendered":"http:\/\/spreewald-datsche.de\/?page_id=203"},"modified":"2023-06-19T19:17:01","modified_gmt":"2023-06-19T19:17:01","slug":"preis-leistung","status":"publish","type":"page","link":"https:\/\/spreewald-datsche.de\/?page_id=203","title":{"rendered":"Preis &#038; Leistung"},"content":{"rendered":"\n<p><\/p>\n\n\n\n<p>Preis ab 130 Euro pro Nacht, abh\u00e4ngig von Anzahl Personen und Reisezeitraum<br><br>Die Kosten f\u00fcr die Endreinigung sind im \u00dcbernachtungspreis inkludiert.<br>Bei vier \u00dcbernachtungen muss zus\u00e4tzlich eine Short-Stay-Geb\u00fchr in H\u00f6he von 60 Euro erhoben werden. Au\u00dferdem werden Feiertagszuschl\u00e4ge erhoben. Weniger als vier \u00dcbernachtungen sind nicht m\u00f6glich. <\/p>\n\n\n\n<p><\/p>\n\n\n\n<p>Alle genannten Preise beinhalten die gesetzliche Mehrwertsteuer.<\/p>\n\n\n\n<p>Ferner ist der jeweils aktuelle Kurbeitrag der Gemeinde Burg\/Spreewald in Rechnung zu stellen.<\/p>\n\n\n\n<p><strong>Zahlungsmodalit\u00e4ten<\/strong><br>Sp\u00e4testens vier Wochen vor Anreise ist die Rechnung \u00fcber den Aufenthalt per \u00dcberweisung zu begleichen.<\/p>\n\n\n\n<p><strong>R\u00fccktritt: <\/strong>Sofern die Spreewald-Datsche im frei werdenden Zeitraum durch andere G\u00e4ste belegt werden kann, wird der volle bereits gezahlte Betrag abz\u00fcglich einer Servicegeb\u00fchr in H\u00f6he von 25 Euro erstattet. Ist das nicht der Fall, fallen 75 % des Gesamtpreises an. Bei einem R\u00fccktritt mehr als 8 Wochen vor Antritt der Reise reduziert sich dieser Betrag auf 25 % vom Gesamtpreis. Bei Nichterscheinen ab 2 Tage vorher 100 % des Reisepreises (noshow).<\/p>\n\n\n\n<p><\/p>\n\n\n\n<p><strong>Zusatzangebote<\/strong> <br>Fahrradverleih und Br\u00f6tchenservice k\u00f6nnen vor Ort gegen Aufpreis in Anspruch genommen werden.<\/p>\n","protected":false},"excerpt":{"rendered":"<p>Preis ab 130 Euro pro Nacht, abh\u00e4ngig von Anzahl Personen und Reisezeitraum Die Kosten f\u00fcr die Endreinigung sind im \u00dcbernachtungspreis inkludiert.Bei vier \u00dcbernachtungen muss zus\u00e4tzlich eine Short-Stay-Geb\u00fchr in H\u00f6he von 60 Euro erhoben werden. Au\u00dferdem werden Feiertagszuschl\u00e4ge erhoben. Weniger als vier \u00dcbernachtungen sind nicht m\u00f6glich. Alle genannten Preise beinhalten die gesetzliche Mehrwertsteuer. Ferner ist der [&hellip;]<\/p>\n","protected":false},"author":1,"featured_media":0,"parent":0,"menu_order":0,"comment_status":"closed","ping_status":"closed","template":"","meta":[],"_links":{"self":[{"href":"https:\/\/spreewald-datsche.de\/index.php?rest_route=\/wp\/v2\/pages\/203"}],"collection":[{"href":"https:\/\/spreewald-datsche.de\/index.php?rest_route=\/wp\/v2\/pages"}],"about":[{"href":"https:\/\/spreewald-datsche.de\/index.php?rest_route=\/wp\/v2\/types\/page"}],"author":[{"embeddable":true,"href":"https:\/\/spreewald-datsche.de\/index.php?rest_route=\/wp\/v2\/users\/1"}],"replies":[{"embeddable":true,"href":"https:\/\/spreewald-datsche.de\/index.php?rest_route=%2Fwp%2Fv2%2Fcomments&post=203"}],"version-history":[{"count":15,"href":"https:\/\/spreewald-datsche.de\/index.php?rest_route=\/wp\/v2\/pages\/203\/revisions"}],"predecessor-version":[{"id":506,"href":"https:\/\/spreewald-datsche.de\/index.php?rest_route=\/wp\/v2\/pages\/203\/revisions\/506"}],"wp:attachment":[{"href":"https:\/\/spreewald-datsche.de\/index.php?rest_route=%2Fwp%2Fv2%2Fmedia&parent=203"}],"curies":[{"name":"wp","href":"https:\/\/api.w.org\/{rel}","templated":true}]}}