{"id":208,"date":"2019-01-09T17:33:29","date_gmt":"2019-01-09T17:33:29","guid":{"rendered":"http:\/\/spreewald-datsche.de\/?page_id=208"},"modified":"2019-01-16T20:31:23","modified_gmt":"2019-01-16T20:31:23","slug":"umgebung","status":"publish","type":"page","link":"https:\/\/spreewald-datsche.de\/?page_id=208","title":{"rendered":"Umgebung &#038; Lage"},"content":{"rendered":"\n<p>Unser Ferienhaus ist ruhig und dennoch zentral gelegen. Sie k\u00f6nnen sich im <strong>hauseigenen Garten am Flie\u00df<\/strong>,  dem Mauergraben, in die Sonne setzen und den Tag genie\u00dfen oder einen  Spaziergang unternehmen, der Sie zu den nahe gelegenen Gesch\u00e4ften,  Restaurants und Cafes in Burg (ca. 4,5 km) und n\u00e4herer Umgebung f\u00fchrt.  Der <strong>Mauergraben<\/strong> verbindet das <strong>Gro\u00dfe Flie\u00df<\/strong> mit dem <strong>Burg-L\u00fcbbener-Kanal<\/strong>. <\/p>\n\n\n\n<p>Der <strong>Gurken-Radweg<\/strong>  f\u00fchrt direkt am weitl\u00e4ufigen Grundst\u00fcck vorbei. Fahren Sie hinaus und  genie\u00dfen Sie die einzigartige Landschaft in der weiteren Umgebung. Jetzt wissen Sie auch, warum die Gurke als Bindestrich im Namen der Spreewald-Datsche ist.<\/p>\n\n\n\n<div class=\"wp-block-image\"><figure class=\"aligncenter is-resized\"><img decoding=\"async\" loading=\"lazy\" src=\"http:\/\/spreewald-datsche.de\/wp-content\/uploads\/2019\/01\/Karte-Datsche.jpg\" alt=\"\" class=\"wp-image-427\" width=\"548\" height=\"497\" srcset=\"https:\/\/spreewald-datsche.de\/wp-content\/uploads\/2019\/01\/Karte-Datsche.jpg 731w, https:\/\/spreewald-datsche.de\/wp-content\/uploads\/2019\/01\/Karte-Datsche-300x272.jpg 300w\" sizes=\"(max-width: 548px) 100vw, 548px\" \/><\/figure><\/div>\n","protected":false},"excerpt":{"rendered":"<p>Unser Ferienhaus ist ruhig und dennoch zentral gelegen. Sie k\u00f6nnen sich im hauseigenen Garten am Flie\u00df, dem Mauergraben, in die Sonne setzen und den Tag genie\u00dfen oder einen Spaziergang unternehmen, der Sie zu den nahe gelegenen Gesch\u00e4ften, Restaurants und Cafes in Burg (ca. 4,5 km) und n\u00e4herer Umgebung f\u00fchrt. Der Mauergraben verbindet das Gro\u00dfe Flie\u00df [&hellip;]<\/p>\n","protected":false},"author":1,"featured_media":0,"parent":0,"menu_order":0,"comment_status":"closed","ping_status":"closed","template":"","meta":[],"_links":{"self":[{"href":"https:\/\/spreewald-datsche.de\/index.php?rest_route=\/wp\/v2\/pages\/208"}],"collection":[{"href":"https:\/\/spreewald-datsche.de\/index.php?rest_route=\/wp\/v2\/pages"}],"about":[{"href":"https:\/\/spreewald-datsche.de\/index.php?rest_route=\/wp\/v2\/types\/page"}],"author":[{"embeddable":true,"href":"https:\/\/spreewald-datsche.de\/index.php?rest_route=\/wp\/v2\/users\/1"}],"replies":[{"embeddable":true,"href":"https:\/\/spreewald-datsche.de\/index.php?rest_route=%2Fwp%2Fv2%2Fcomments&post=208"}],"version-history":[{"count":9,"href":"https:\/\/spreewald-datsche.de\/index.php?rest_route=\/wp\/v2\/pages\/208\/revisions"}],"predecessor-version":[{"id":448,"href":"https:\/\/spreewald-datsche.de\/index.php?rest_route=\/wp\/v2\/pages\/208\/revisions\/448"}],"wp:attachment":[{"href":"https:\/\/spreewald-datsche.de\/index.php?rest_route=%2Fwp%2Fv2%2Fmedia&parent=208"}],"curies":[{"name":"wp","href":"https:\/\/api.w.org\/{rel}","templated":true}]}}